{"id":730,"date":"2020-12-21T14:41:36","date_gmt":"2020-12-21T14:41:36","guid":{"rendered":"https:\/\/grahal.neel.cnrs.fr\/?page_id=730"},"modified":"2025-03-14T17:02:10","modified_gmt":"2025-03-14T17:02:10","slug":"staff","status":"publish","type":"page","link":"https:\/\/grahal.neel.cnrs.fr\/index.php\/staff\/","title":{"rendered":"Staff"},"content":{"rendered":"\n<p>The GrAHal project is currently involving engineers, researchers and technicians in three institutes :<br><br><strong><a href=\"http:\/\/lncmi.cnrs.fr\/le-laboratoire\/\" target=\"_blank\" rel=\"noreferrer noopener\">LNCMI<\/a><\/strong> : Rolf Pfister and Pierre Pugnat.<br><br><strong><a href=\"http:\/\/lpsc.in2p3.fr\/index.php\/en\/le-lpsc\" target=\"_blank\" rel=\"noreferrer noopener\">LPSC<\/a><\/strong> : Aur\u00e9lien Barreau, Th\u00e9o Brugeat (PhD student), Killian Martineau and Christopher Smith.<br><br><strong><a href=\"https:\/\/neel.cnrs.fr\/en\" target=\"_blank\" rel=\"noreferrer noopener\">Neel Institute<\/a><\/strong> : Rafik Ballou, Philippe Camus, Thierry Grenet, J\u00e9rome Lacipi\u00e8re, Pierre Perrier, A. Talarmin (PhD student), J\u00e9r\u00e9my Vessaire and Marek Zeman.<\/p>\n\n\n\n<p><strong>Alumni<\/strong> :<br><br>Quentin Basto (graduate student, may-august 2021)<br>Kieffer Artaud (Bachelor internship, june 2024)<\/p>\n\n\n\n<p><\/p>\n","protected":false},"excerpt":{"rendered":"<p>The GrAHal project is currently involving engineers, researchers and technicians in three institutes : LNCMI : Rolf Pfister and Pierre Pugnat. LPSC : Aur\u00e9lien Barreau, Th\u00e9o Brugeat (PhD student), Killian Martineau and Christopher Smith. Neel Institute : Rafik Ballou, Philippe &hellip; <a href=\"https:\/\/grahal.neel.cnrs.fr\/index.php\/staff\/\">Continuer la lecture <span class=\"meta-nav\">&rarr;<\/span><\/a><\/p>\n","protected":false},"author":2,"featured_media":0,"parent":0,"menu_order":0,"comment_status":"closed","ping_status":"closed","template":"","meta":{"inline_featured_image":false,"footnotes":""},"class_list":["post-730","page","type-page","status-publish","hentry"],"_links":{"self":[{"href":"https:\/\/grahal.neel.cnrs.fr\/index.php\/wp-json\/wp\/v2\/pages\/730","targetHints":{"allow":["GET"]}}],"collection":[{"href":"https:\/\/grahal.neel.cnrs.fr\/index.php\/wp-json\/wp\/v2\/pages"}],"about":[{"href":"https:\/\/grahal.neel.cnrs.fr\/index.php\/wp-json\/wp\/v2\/types\/page"}],"author":[{"embeddable":true,"href":"https:\/\/grahal.neel.cnrs.fr\/index.php\/wp-json\/wp\/v2\/users\/2"}],"replies":[{"embeddable":true,"href":"https:\/\/grahal.neel.cnrs.fr\/index.php\/wp-json\/wp\/v2\/comments?post=730"}],"version-history":[{"count":40,"href":"https:\/\/grahal.neel.cnrs.fr\/index.php\/wp-json\/wp\/v2\/pages\/730\/revisions"}],"predecessor-version":[{"id":1281,"href":"https:\/\/grahal.neel.cnrs.fr\/index.php\/wp-json\/wp\/v2\/pages\/730\/revisions\/1281"}],"wp:attachment":[{"href":"https:\/\/grahal.neel.cnrs.fr\/index.php\/wp-json\/wp\/v2\/media?parent=730"}],"curies":[{"name":"wp","href":"https:\/\/api.w.org\/{rel}","templated":true}]}}